{"id":2832,"date":"2021-09-13T11:37:50","date_gmt":"2021-09-13T07:37:50","guid":{"rendered":"https:\/\/mih.govmu.org\/mih\/?page_id=2832"},"modified":"2021-09-13T14:00:18","modified_gmt":"2021-09-13T10:00:18","slug":"paramedical-studies","status":"publish","type":"page","link":"https:\/\/mih.govmu.org\/mih\/?page_id=2832","title":{"rendered":"Paramedical Studies"},"content":{"rendered":"\t\t<div data-elementor-type=\"wp-post\" data-elementor-id=\"2832\" class=\"elementor elementor-2832\" data-elementor-post-type=\"page\">\n\t\t\t\t\t\t<section class=\"elementor-section elementor-top-section elementor-element elementor-element-ada00dc elementor-section-boxed elementor-section-height-default elementor-section-height-default\" data-id=\"ada00dc\" data-element_type=\"section\" data-e-type=\"section\" data-settings=\"{&quot;background_background&quot;:&quot;classic&quot;}\">\n\t\t\t\t\t\t\t<div class=\"elementor-background-overlay\"><\/div>\n\t\t\t\t\t\t\t<div class=\"elementor-container elementor-column-gap-wide\">\n\t\t\t\t\t<div class=\"elementor-column elementor-col-100 elementor-top-column elementor-element elementor-element-f51c552\" data-id=\"f51c552\" data-element_type=\"column\" data-e-type=\"column\">\n\t\t\t<div class=\"elementor-widget-wrap\">\n\t\t\t\t\t\t\t<\/div>\n\t\t<\/div>\n\t\t\t\t\t<\/div>\n\t\t<\/section>\n\t\t\t\t<section class=\"elementor-section elementor-top-section elementor-element elementor-element-55ec25a elementor-section-boxed elementor-section-height-default elementor-section-height-default\" data-id=\"55ec25a\" data-element_type=\"section\" data-e-type=\"section\">\n\t\t\t\t\t\t<div class=\"elementor-container elementor-column-gap-default\">\n\t\t\t\t\t<div class=\"elementor-column elementor-col-66 elementor-top-column elementor-element elementor-element-35bb6d0\" data-id=\"35bb6d0\" data-element_type=\"column\" data-e-type=\"column\">\n\t\t\t<div class=\"elementor-widget-wrap elementor-element-populated\">\n\t\t\t\t\t\t<div class=\"elementor-element elementor-element-306d6da elementor-widget__width-auto elementor-widget-divider--view-line elementor-widget elementor-widget-divider\" data-id=\"306d6da\" data-element_type=\"widget\" data-e-type=\"widget\" data-widget_type=\"divider.default\">\n\t\t\t\t<div class=\"elementor-widget-container\">\n\t\t\t\t\t\t\t<div class=\"elementor-divider\">\n\t\t\t<span class=\"elementor-divider-separator\">\n\t\t\t\t\t\t<\/span>\n\t\t<\/div>\n\t\t\t\t\t\t<\/div>\n\t\t\t\t<\/div>\n\t\t\t\t<div class=\"elementor-element elementor-element-7eca326 elementor-widget elementor-widget-heading\" data-id=\"7eca326\" data-element_type=\"widget\" data-e-type=\"widget\" data-widget_type=\"heading.default\">\n\t\t\t\t<div class=\"elementor-widget-container\">\n\t\t\t\t\t<h2 class=\"elementor-heading-title elementor-size-default\">Paramedical Studies<\/h2>\t\t\t\t<\/div>\n\t\t\t\t<\/div>\n\t\t\t\t<div class=\"elementor-element elementor-element-b570799 elementor-widget elementor-widget-text-editor\" data-id=\"b570799\" data-element_type=\"widget\" data-e-type=\"widget\" data-widget_type=\"text-editor.default\">\n\t\t\t\t<div class=\"elementor-widget-container\">\n\t\t\t\t\t\t\t\t\t<h5>National Pharmacy Technician Diploma<\/h5><p>This is a 3-year training programme. The previous 2-year Dispenser Training programme has been upgraded to a Diploma level and a first batch of 46 recruits from the Ministry of Health &amp; Wellness (MOHW) trainees started training in June 2017.<\/p><h5>National Diploma in Radiation Therapy Technology<\/h5><p>This is a new 3-year diploma programme which was developed by MIH with the help of the International Atomic Energy Agency. Fifthteen students are following the course which is scheduled to end in January 2021.<\/p><h5>Certificate Course in Pre-Hospital Emergency Care<\/h5><p>This one-year training programme is targeted at 31 fire fighter cadres of the Mauritius Fire and Rescue Services. Launched on 15th July 2020 in the presence of Mr Kehlary, Chief Fire Officer and Dr Samoo, Director SAMU Services, Ministry of Health and Wellness,this course is expected to end by July 2021. Classes are held on Wednesdays and Fridays.<\/p><h5>Training for Cooks<\/h5><p>A first batch of 21 officers of the MOHW completed their training on 21st January 2021. Two more batches will start their training soon. Training consists of theoretical and practical teaching and lasts 6 months. The programme is offered in collaboration with the Ecole H\u00f4teli\u00e8re Sir Ga\u00ebtan Duval. The final batch is expected to follow the course as from September 2021.<\/p><h5>Certificate Course for Speech and Hearing Therapy Assistants<\/h5><p>This one-year course targeted at five trainees of the MOHW started in February 2020. It is scheduled to end by January 2021.<\/p><p>Training consists of face to face teaching at the MIH and practical work under direct supervision of experienced Speech and Hearing Therapists\/Audiologists in regional hospitals of the Ministry.<\/p>\t\t\t\t\t\t\t\t<\/div>\n\t\t\t\t<\/div>\n\t\t\t\t\t<\/div>\n\t\t<\/div>\n\t\t\t\t<div class=\"elementor-column elementor-col-33 elementor-top-column elementor-element elementor-element-24d2b88\" data-id=\"24d2b88\" data-element_type=\"column\" data-e-type=\"column\" data-settings=\"{&quot;background_background&quot;:&quot;classic&quot;}\">\n\t\t\t<div class=\"elementor-widget-wrap elementor-element-populated\">\n\t\t\t\t\t\t<div class=\"elementor-element elementor-element-41a8f66 elementor-nav-menu--dropdown-tablet elementor-nav-menu__text-align-aside elementor-nav-menu--toggle elementor-nav-menu--burger elementor-widget elementor-widget-nav-menu\" data-id=\"41a8f66\" data-element_type=\"widget\" data-e-type=\"widget\" data-settings=\"{&quot;layout&quot;:&quot;vertical&quot;,&quot;submenu_icon&quot;:{&quot;value&quot;:&quot;&lt;i class=\\&quot;fas fa-caret-down\\&quot; aria-hidden=\\&quot;true\\&quot;&gt;&lt;\\\/i&gt;&quot;,&quot;library&quot;:&quot;fa-solid&quot;},&quot;toggle&quot;:&quot;burger&quot;}\" data-widget_type=\"nav-menu.default\">\n\t\t\t\t<div class=\"elementor-widget-container\">\n\t\t\t\t\t\t\t\t<nav aria-label=\"Menu\" class=\"elementor-nav-menu--main elementor-nav-menu__container elementor-nav-menu--layout-vertical e--pointer-framed e--animation-grow\">\n\t\t\t\t<ul id=\"menu-1-41a8f66\" class=\"elementor-nav-menu sm-vertical\"><li class=\"menu-item menu-item-type-post_type menu-item-object-page menu-item-2837\"><a href=\"https:\/\/mih.govmu.org\/mih\/?page_id=2832\" class=\"elementor-item menu-link\">Paramedical Studies<\/a><\/li>\n<li class=\"menu-item menu-item-type-post_type menu-item-object-page menu-item-2846\"><a href=\"https:\/\/mih.govmu.org\/mih\/?page_id=2841\" class=\"elementor-item menu-link\">Nursing studies<\/a><\/li>\n<li class=\"menu-item menu-item-type-post_type menu-item-object-page menu-item-2855\"><a href=\"https:\/\/mih.govmu.org\/mih\/?page_id=2850\" class=\"elementor-item menu-link\">Medical Studies<\/a><\/li>\n<li class=\"menu-item menu-item-type-post_type menu-item-object-page menu-item-2861\"><a href=\"https:\/\/mih.govmu.org\/mih\/?page_id=2856\" class=\"elementor-item menu-link\">Regional \/ International Courses<\/a><\/li>\n<\/ul>\t\t\t<\/nav>\n\t\t\t\t\t<div class=\"elementor-menu-toggle\" role=\"button\" tabindex=\"0\" aria-label=\"Menu Toggle\" aria-expanded=\"false\">\n\t\t\t<i aria-hidden=\"true\" role=\"presentation\" class=\"elementor-menu-toggle__icon--open eicon-menu-bar\"><\/i><i aria-hidden=\"true\" role=\"presentation\" class=\"elementor-menu-toggle__icon--close eicon-close\"><\/i>\t\t<\/div>\n\t\t\t\t\t<nav class=\"elementor-nav-menu--dropdown elementor-nav-menu__container\" aria-hidden=\"true\">\n\t\t\t\t<ul id=\"menu-2-41a8f66\" class=\"elementor-nav-menu sm-vertical\"><li class=\"menu-item menu-item-type-post_type menu-item-object-page menu-item-2837\"><a href=\"https:\/\/mih.govmu.org\/mih\/?page_id=2832\" class=\"elementor-item menu-link\" tabindex=\"-1\">Paramedical Studies<\/a><\/li>\n<li class=\"menu-item menu-item-type-post_type menu-item-object-page menu-item-2846\"><a href=\"https:\/\/mih.govmu.org\/mih\/?page_id=2841\" class=\"elementor-item menu-link\" tabindex=\"-1\">Nursing studies<\/a><\/li>\n<li class=\"menu-item menu-item-type-post_type menu-item-object-page menu-item-2855\"><a href=\"https:\/\/mih.govmu.org\/mih\/?page_id=2850\" class=\"elementor-item menu-link\" tabindex=\"-1\">Medical Studies<\/a><\/li>\n<li class=\"menu-item menu-item-type-post_type menu-item-object-page menu-item-2861\"><a href=\"https:\/\/mih.govmu.org\/mih\/?page_id=2856\" class=\"elementor-item menu-link\" tabindex=\"-1\">Regional \/ International Courses<\/a><\/li>\n<\/ul>\t\t\t<\/nav>\n\t\t\t\t\t\t<\/div>\n\t\t\t\t<\/div>\n\t\t\t\t\t<\/div>\n\t\t<\/div>\n\t\t\t\t\t<\/div>\n\t\t<\/section>\n\t\t\t\t<section class=\"elementor-section elementor-top-section elementor-element elementor-element-5b28d46 elementor-section-boxed elementor-section-height-default elementor-section-height-default\" data-id=\"5b28d46\" data-element_type=\"section\" data-e-type=\"section\">\n\t\t\t\t\t\t<div class=\"elementor-container elementor-column-gap-default\">\n\t\t\t\t\t\t<\/div>\n\t\t<\/section>\n\t\t\t\t<\/div>\n\t\t","protected":false},"excerpt":{"rendered":"<p>Paramedical Studies National Pharmacy Technician Diploma This is a 3-year training programme. The previous 2-year Dispenser Training programme has been upgraded to a Diploma level and a first batch of 46 recruits from the Ministry of Health &amp; Wellness (MOHW) trainees started training in June 2017. National Diploma in Radiation Therapy Technology This is a &hellip;<\/p>\n<p class=\"read-more\"> <a class=\"\" href=\"https:\/\/mih.govmu.org\/mih\/?page_id=2832\"> <span class=\"screen-reader-text\">Paramedical Studies<\/span> Read More &raquo;<\/a><\/p>\n","protected":false},"author":1,"featured_media":0,"parent":0,"menu_order":0,"comment_status":"closed","ping_status":"closed","template":"","meta":{"footnotes":""},"class_list":["post-2832","page","type-page","status-publish","hentry"],"_links":{"self":[{"href":"https:\/\/mih.govmu.org\/mih\/index.php?rest_route=\/wp\/v2\/pages\/2832","targetHints":{"allow":["GET"]}}],"collection":[{"href":"https:\/\/mih.govmu.org\/mih\/index.php?rest_route=\/wp\/v2\/pages"}],"about":[{"href":"https:\/\/mih.govmu.org\/mih\/index.php?rest_route=\/wp\/v2\/types\/page"}],"author":[{"embeddable":true,"href":"https:\/\/mih.govmu.org\/mih\/index.php?rest_route=\/wp\/v2\/users\/1"}],"replies":[{"embeddable":true,"href":"https:\/\/mih.govmu.org\/mih\/index.php?rest_route=%2Fwp%2Fv2%2Fcomments&post=2832"}],"version-history":[{"count":16,"href":"https:\/\/mih.govmu.org\/mih\/index.php?rest_route=\/wp\/v2\/pages\/2832\/revisions"}],"predecessor-version":[{"id":2879,"href":"https:\/\/mih.govmu.org\/mih\/index.php?rest_route=\/wp\/v2\/pages\/2832\/revisions\/2879"}],"wp:attachment":[{"href":"https:\/\/mih.govmu.org\/mih\/index.php?rest_route=%2Fwp%2Fv2%2Fmedia&parent=2832"}],"curies":[{"name":"wp","href":"https:\/\/api.w.org\/{rel}","templated":true}]}}